{"id":2420,"date":"2022-07-05T10:09:32","date_gmt":"2022-07-05T08:09:32","guid":{"rendered":"https:\/\/microhibro.com\/cookies-advice\/"},"modified":"2022-07-07T12:26:28","modified_gmt":"2022-07-07T10:26:28","slug":"cookies-advice","status":"publish","type":"page","link":"https:\/\/microhibro.com\/en\/cookies-advice\/","title":{"rendered":"Cookies Advice"},"content":{"rendered":"\n<h3 class=\"wp-block-heading\">COOKIES ADVICE AND OTHER TRACKING TECHNOLOGIES<\/h3>\n\n<p>MicroHibro informa acerca del uso de las cookies en su p\u00e1gina web: https:\/\/microhibro.com.<\/p>\n\n<p>Este aviso de cookies se aplica al sitio web, a cualquier sitio web o p\u00e1ginas de marca en plataformas de terceros y a las aplicaciones a las que se accede o se utiliza a trav\u00e9s de dichos sitios web o plataformas que son operados por o en nombre de MicroHibro.<\/p>\n\n<p>Al usar un sitio de MicroHibro, usted acepta nuestro uso de cookies y otra tecnolog\u00eda de seguimiento de acuerdo con este aviso. Si no est\u00e1 de acuerdo con nuestro uso de cookies y otras tecnolog\u00edas de seguimiento de esta manera, debe establecer la configuraci\u00f3n de su navegador en consecuencia o no usar el Sitio MicroHibro. Si deshabilita las cookies que utilizamos, esto puede afectar su experiencia de usuario mientras est\u00e1 en el Sitio de MicroHibro.<\/p>\n\n<p>Cuando utilice un dispositivo m\u00f3vil para conectarse a Internet, tambi\u00e9n debe consultar el aviso de privacidad de la aplicaci\u00f3n espec\u00edfica que est\u00e1 utilizando para comprender sus pr\u00e1cticas espec\u00edficas de recopilaci\u00f3n de datos.<\/p>\n\n<h3 class=\"wp-block-heading\">1. \u00bfQu\u00e9 son las cookies?<\/h3>\n\n<p>Las cookies son archivos que se pueden descargar en su equipo a trav\u00e9s de las p\u00e1ginas web. Son herramientas que tienen un papel esencial para la prestaci\u00f3n de numerosos servicios de la sociedad de la informaci\u00f3n. Entre otros, permiten a una p\u00e1gina web almacenar y recuperar informaci\u00f3n sobre los h\u00e1bitos de navegaci\u00f3n de un usuario o de su equipo y, dependiendo de la informaci\u00f3n obtenida, se pueden utilizar para reconocer al usuario y mejorar el servicio ofrecido.<\/p>\n\n<h3 class=\"wp-block-heading\">2. \u00bfC\u00f3mo y por qu\u00e9 utilizamos cookies?<\/h3>\n\n<p>Utilizamos cookies para mejorar el uso y la funcionalidad de MicroHibro y para comprender mejor c\u00f3mo los visitantes usan MicroHibro y las herramientas y servicios que se ofrecen en \u00e9l. Las cookies nos ayudan a adaptar los sitios de MicroHibro a sus necesidades personales, mejorar la facilidad de uso, obtener comentarios de satisfacci\u00f3n del cliente y comunicarnos con usted en cualquier otro lugar en Internet.<\/p>\n\n<h3 class=\"wp-block-heading\">3. \u00bfQu\u00e9 tipos de cookies se pueden usar en los sitios de MicroHibro?<\/h3>\n\n<p>Seg\u00fan quien sea la entidad que gestione el dominio desde donde se env\u00edan las cookies y trate los datos que se obtengan se pueden distinguir dos tipos:<em>Cookies propias<\/em><\/p>\n\n<p>Aqu\u00e9llas que se env\u00edan al equipo terminal del usuario desde un equipo o dominio gestionado por el propio editor y desde el que se presta el servicio solicitado por el usuario.<em>Cookies de terceros<\/em><\/p>\n\n<p>Aqu\u00e9llas que se env\u00edan al equipo terminal del usuario desde un equipo o dominio que no es gestionado por el editor, sino por otra entidad que trata los datos obtenidos trav\u00e9s de las cookies.<\/p>\n\n<p>En el caso de que las cookies sean instaladas desde un equipo o dominio gestionado por el propio editor pero la informaci\u00f3n que se recoja mediante \u00e9stas sea gestionada por un tercero, no pueden ser consideradas como cookies propias.<\/p>\n\n<p>Existe tambi\u00e9n una segunda clasificaci\u00f3n seg\u00fan el plazo de tiempo que permanecen almacenadas en el navegador del cliente, pudiendo tratarse de:<em>Cookies de sesi\u00f3n<\/em><\/p>\n\n<p>Dise\u00f1adas para recabar y almacenar datos mientras el usuario accede a una p\u00e1gina web. Se suelen emplear para almacenar informaci\u00f3n que solo interesa conservar para la prestaci\u00f3n del servicio solicitado por el usuario en una sola ocasi\u00f3n (p.e. una lista de productos adquiridos).<em>Cookies persistentes<\/em><\/p>\n\n<p>Los datos siguen almacenados en el terminal y pueden ser accedidos y tratados durante un periodo definido por el responsable de la cookie, y que puede ir de unos minutos a varios a\u00f1os.<\/p>\n\n<p>Por \u00faltimo, existe otra clasificaci\u00f3n con seis tipos de cookies seg\u00fan la finalidad para la que se traten los datos obtenidos:<em>Cookies t\u00e9cnicas<\/em><\/p>\n\n<p>Aquellas que permiten al usuario la navegaci\u00f3n a trav\u00e9s de una p\u00e1gina web, plataforma o aplicaci\u00f3n y la utilizaci\u00f3n de las diferentes opciones o servicios que en ella existan como, por ejemplo, controlar el tr\u00e1fico y la comunicaci\u00f3n de datos, identificar la sesi\u00f3n, acceder a partes de acceso restringido, recordar los elementos que integran un pedido, realizar el proceso de compra de un pedido, realizar la solicitud de inscripci\u00f3n o participaci\u00f3n en un evento, utilizar elementos de seguridad durante la navegaci\u00f3n, almacenar contenidos para la difusi\u00f3n de v\u00eddeos o sonido o compartir contenidos a trav\u00e9s de redes sociales.<em>Cookies de personalizaci\u00f3n<\/em><\/p>\n\n<p>Permiten al usuario acceder al servicio con algunas caracter\u00edsticas de car\u00e1cter general predefinidas en funci\u00f3n de una serie de criterios en el terminal del usuario como por ejemplo serian el idioma, el tipo de navegador a trav\u00e9s del cual accede al servicio, la configuraci\u00f3n regional desde donde accede al servicio, etc.<em>Cookies de an\u00e1lisis<\/em><\/p>\n\n<p>Permiten al responsable de las mismas, el seguimiento y an\u00e1lisis del comportamiento de los usuarios de los sitios web a los que est\u00e1n vinculadas. La informaci\u00f3n recogida mediante este tipo de cookies se utiliza en la medici\u00f3n de la actividad de los sitios web, aplicaci\u00f3n o plataforma y para la elaboraci\u00f3n de perfiles de navegaci\u00f3n de los usuarios de dichos sitios, aplicaciones y plataformas, con el fin de introducir mejoras en funci\u00f3n del an\u00e1lisis de los datos de uso que hacen los usuarios del servicio.<em>Cookies publicitarias<\/em><\/p>\n\n<p>Permiten la gesti\u00f3n, de la forma m\u00e1s eficaz posible, de los espacios publicitarios.<em>Cookies de publicidad comportamental<\/em><\/p>\n\n<p>Almacenan informaci\u00f3n del comportamiento de los usuarios obtenida a trav\u00e9s de la observaci\u00f3n continuada de sus h\u00e1bitos de navegaci\u00f3n, lo que permite desarrollar un perfil espec\u00edfico para mostrar publicidad en funci\u00f3n del mismo.<em>Cookies de redes sociales externas<\/em><\/p>\n\n<p>Se utilizan para que los visitantes puedan interactuar con el contenido de diferentes plataformas sociales (facebook, youtube, twitter, linkedIn, etc..) y que se generen \u00fanicamente para los usuarios de dichas redes sociales. Las condiciones de utilizaci\u00f3n de estas cookies y la informaci\u00f3n recopilada se regula por la pol\u00edtica de privacidad de la plataforma social correspondiente.<\/p>\n\n<h3 class=\"wp-block-heading\">4. Aceptaci\u00f3n de la Pol\u00edtica de cookies<\/h3>\n\n<p>MicroHibro, asume que usted acepta el uso de cookies. No obstante, muestra informaci\u00f3n sobre su Pol\u00edtica de cookies en la parte inferior o superior de cualquier p\u00e1gina del portal con cada inicio de sesi\u00f3n con el objeto de que usted sea consciente.<\/p>\n\n<p>Ante esta informaci\u00f3n es posible llevar a cabo las siguientes acciones:<\/p>\n\n<ul class=\"wp-block-list\"><li>Aceptar cookies: No se volver\u00e1 a visualizar este aviso al acceder a cualquier p\u00e1gina del portal durante la presente sesi\u00f3n<\/li><li>Cerrar: Se oculta el aviso en la presente p\u00e1gina<\/li><li>Modificar su configuraci\u00f3n: Podr\u00e1 obtener m\u00e1s informaci\u00f3n sobre qu\u00e9 son las cookies, conocer la Pol\u00edtica de cookies de: https:\/\/microhibro.com y modificar la configuraci\u00f3n de su navegador<\/li><\/ul>\n<h3 class=\"wp-block-heading\">5. Desactivaci\u00f3n y eliminaci\u00f3n de cookies<\/h3>\n\n<p>Tienes la opci\u00f3n de permitir, bloquear o eliminar las cookies instaladas en tu equipo mediante la configuraci\u00f3n de las opciones del navegador instalado en su equipo. Al desactivar cookies, algunos de los servicios disponibles podr\u00edan dejar de estar operativos. La forma de deshabilitar las cookies es diferente para cada navegador, pero normalmente puede hacerse desde el men\u00fa Herramientas u Opciones. Tambi\u00e9n puede consultarse el men\u00fa de Ayuda del navegador d\u00f3nde puedes encontrar instrucciones. El usuario podr\u00e1 en cualquier momento elegir qu\u00e9 cookies quiere que funcionen en este sitio web.<\/p>\n\n<p>Puede usted permitir, bloquear o eliminar las cookies instaladas en su equipo mediante la configuraci\u00f3n de las opciones del navegador instalado en su ordenador:<\/p>\n\n<ul class=\"wp-block-list\"><li>Microsoft Internet Explorer o Microsoft Edge: http:\/\/windows.microsoft.com\/es-es\/windows-vista\/Block-or-allow-cookies<\/li><li>Mozilla Firefox: http:\/\/support.mozilla.org\/es\/kb\/impedir-que-los-sitios-web-guarden-sus-preferencia<\/li><li>Chrome: https:\/\/support.google.com\/accounts\/answer\/61416?hl=es<\/li><li>Safari: http:\/\/safari.helpmax.net\/es\/privacidad-y-seguridad\/como-gestionar-las-cookies\/<\/li><li>Opera: http:\/\/help.opera.com\/Linux\/10.60\/es-ES\/cookies.html<\/li><\/ul>\n<p>Adem\u00e1s, tambi\u00e9n puede gestionar el almac\u00e9n de cookies en su navegador a trav\u00e9s de herramientas como las siguientes:<\/p>\n\n<p>Ghostery: www.ghostery.com<\/p>\n\n<p>Your Online Choices: www.youronlinechoices.com\/es\/<\/p>\n\n<h3 class=\"wp-block-heading\">6. Cookies utilizadas<\/h3>\n\n<p>A continuaci\u00f3n se identifican las cookies que est\u00e1n siendo utilizadas en este portal as\u00ed como su tipolog\u00eda y funci\u00f3n:<em>CAKEPHP<\/em><\/p>\n\n<ul class=\"wp-block-list\"><li>Duraci\u00f3n: Sesi\u00f3n<\/li><li>Al crear o iniciar sesi\u00f3n en una cuenta de MicroHibro se almacenan esta cookie en su ordenador con el fin de permanecer conectado a su cuenta de MicroHibro al visitar sus servicios de nuevo. Mientras permanezca con esta sesi\u00f3n activa y use complementos en otros sitios Web como el nuestro, MicroHibro har\u00e1 uso de estas cookies para mejorar su experiencia de uso<\/li><li>Tipo: Sesi\u00f3n<\/li><li>Finalidad: Anal\u00edtica<\/li><\/ul>\n<p><em>cookieconsent_status<\/em><\/p>\n\n<ul class=\"wp-block-list\"><li>Duraci\u00f3n: 1 a\u00f1o<\/li><li>Descripci\u00f3n: Almacena informaci\u00f3n sobre la aceptaci\u00f3n de las cookies.<\/li><li>Tipo: Propia<\/li><li>Finalidad: Anal\u00edtica<\/li><\/ul>\n<p><em>APISID<\/em><\/p>\n\n<ul class=\"wp-block-list\"><li>Duraci\u00f3n: 2 a\u00f1os<\/li><li>Descripci\u00f3n: Al crear o iniciar sesi\u00f3n en una cuenta de Google se almacenan esta cookie en su ordenador con el fin de permanecer conectado a su cuenta de Google al visitar sus servicios de nuevo. Mientras permanezca con esta sesi\u00f3n activa y use complementos en otros sitios Web como el nuestro, Google har\u00e1 uso de estas cookies para mejorar su experiencia de uso.<\/li><li>Tipo: Tercero<\/li><li>Finalidad: Anal\u00edtica<\/li><\/ul>\n<p><em>SAPISID<\/em><\/p>\n\n<ul class=\"wp-block-list\"><li>Duraci\u00f3n: 2 a\u00f1os<\/li><li>Descripci\u00f3n: En algunas p\u00e1ginas de nuestro Sitio Web tenemos v\u00eddeos incrustados de Youtube, es un servicio de Google. Su uso implica la remisi\u00f3n de esta cookie adem\u00e1s de las cookies que Google requiere si mantiene la sesi\u00f3n activa con su cuenta, con el prop\u00f3sito de visualizar los v\u00eddeos incrustados, estimar el ancho de banda y mostrar cuantas veces se ha reproducido.<\/li><li>Tipo: Tercero<\/li><li>Finalidad: Anal\u00edtica<\/li><\/ul>\n<p><em>SID<\/em><\/p>\n\n<ul class=\"wp-block-list\"><li>Duraci\u00f3n: 2 a\u00f1os<\/li><li>Descripci\u00f3n: Al crear o iniciar sesi\u00f3n en una cuenta de Google se almacenan esta cookie en su ordenador con el fin de permanecer conectado a su cuenta de Google al visitar sus servicios de nuevo. Mientras permanezca con esta sesi\u00f3n activa y use complementos en otros sitios Web como el nuestro, Google har\u00e1 uso de estas cookies para mejorar su experiencia de uso.<\/li><li>Tipo: Tercero<\/li><li>Finalidad: Anal\u00edtica<\/li><\/ul>\n<p><em>HSID<\/em><\/p>\n\n<ul class=\"wp-block-list\"><li>Duraci\u00f3n: 2 a\u00f1os<\/li><li>Descripci\u00f3n: Al crear o iniciar sesi\u00f3n en una cuenta de Google se almacenan esta cookie en su ordenador con el fin de permanecer conectado a su cuenta de Google al visitar sus servicios de nuevo. Mientras permanezca con esta sesi\u00f3n activa y use complementos en otros sitios Web como el nuestro, Google har\u00e1 uso de estas cookies para mejorar su experiencia de uso.<\/li><li>Tipo: Tercero<\/li><li>Finalidad: Anal\u00edtica<\/li><\/ul>\n<p><em>SSID<\/em><\/p>\n\n<ul class=\"wp-block-list\"><li>Duraci\u00f3n: 2 a\u00f1os<\/li><li>Descripci\u00f3n: Al crear o iniciar sesi\u00f3n en una cuenta de Google se almacenan esta cookie en su ordenador con el fin de permanecer conectado a su cuenta de Google al visitar sus servicios de nuevo. Mientras permanezca con esta sesi\u00f3n activa y use complementos en otros sitios Web como el nuestro, Google har\u00e1 uso de estas cookies para mejorar su experiencia de uso.<\/li><li>Tipo: Tercero<\/li><li>Finalidad: Anal\u00edtica<\/li><\/ul>\n<p><em>SIDCC<\/em><\/p>\n\n<ul class=\"wp-block-list\"><li>Duraci\u00f3n: 2 a\u00f1os<\/li><li>Descripci\u00f3n: Al crear o iniciar sesi\u00f3n en una cuenta de Google se almacenan esta cookie en su ordenador con el fin de permanecer conectado a su cuenta de Google al visitar sus servicios de nuevo. Mientras permanezca con esta sesi\u00f3n activa y use complementos en otros sitios Web como el nuestro, Google har\u00e1 uso de estas cookies para mejorar su experiencia de uso.<\/li><li>Tipo: Tercero<\/li><li>Finalidad: Anal\u00edtica<\/li><\/ul>\n<p><em>NID<\/em><\/p>\n\n<ul class=\"wp-block-list\"><li>Duraci\u00f3n: 6 meses<\/li><li>Descripci\u00f3n: La finalidad de esta cookie es almacenar informaci\u00f3n sobre tus preferencias.<\/li><li>Tipo: Tercero<\/li><li>Finalidad: Personalizaci\u00f3n<\/li><\/ul>\n<h3 class=\"wp-block-heading\">7. Otras tecnolog\u00edas similares<\/h3>\n\n<p>MicroHibro tambi\u00e9n hacen uso de otras tecnolog\u00edas de seguimiento que incluyen direcciones IP, archivos de registro y balizas web, que tambi\u00e9n nos ayudan a adaptar MicroHibro a sus necesidades personales.<\/p>\n\n<p><em>Direcciones IP<\/em><\/p>\n\n<p>Una direcci\u00f3n IP es un n\u00famero que utilizan las computadoras de la red para identificar su computadora cada vez que inicia sesi\u00f3n en Internet. Podemos registrar direcciones IP para los siguientes prop\u00f3sitos: (i) solucionar problemas t\u00e9cnicos, (ii) mantener la seguridad del sitio web (iii) comprender mejor c\u00f3mo se utilizan nuestros sitios web y (iv) adaptar mejor el contenido a sus necesidades dependiendo de pa\u00eds en el que te encuentras.<\/p>\n\n<p><em>Archivos de registro<\/em><\/p>\n\n<p>Nosotros (o un tercero en nuestro nombre) podemos recopilar informaci\u00f3n en forma de archivos de registro que registran la actividad del sitio web y recopilan estad\u00edsticas sobre los h\u00e1bitos de navegaci\u00f3n de un usuario. Estas entradas se generan de forma an\u00f3nima y nos ayudan a recopilar (entre otras cosas) (i) el tipo de navegador y el sistema operativo de un usuario, (ii) informaci\u00f3n sobre la sesi\u00f3n de un usuario (como la URL de la que provienen, la fecha y la hora en que visitaron nuestro sitio web y qu\u00e9 p\u00e1ginas han visto en nuestro sitio web y durante cu\u00e1nto tiempo), y (iii) otros datos similares de navegaci\u00f3n o flujo de clics.<\/p>\n\n<p><em>Balizas web<\/em><\/p>\n\n<p>Podemos usar balizas web (o GIF transparentes) en MicroHibro. Las balizas web (tambi\u00e9n conocidas como &#8220;errores web&#8221;) son peque\u00f1as cadenas de c\u00f3digo que proporcionan un m\u00e9todo para entregar una imagen gr\u00e1fica en una p\u00e1gina web con el fin de transferirnos datos. La informaci\u00f3n recopilada a trav\u00e9s de balizas web puede incluir informaci\u00f3n sobre c\u00f3mo un usuario responde a una campa\u00f1a de correo electr\u00f3nico (por ejemplo, la hora en que se abre el correo electr\u00f3nico, a d\u00f3nde se vincula el usuario desde el correo electr\u00f3nico, etc.). Utilizamos la informaci\u00f3n de balizas web para una variedad de prop\u00f3sitos, incluyendo informes de tr\u00e1fico del sitio, recuentos \u00fanicos de visitantes, auditor\u00edas e informes de publicidad y correo electr\u00f3nico, y personalizaci\u00f3n.<\/p>\n\n<p>Este aviso se actualiz\u00f3 por \u00faltima vez en enero de 2021<\/p>\n","protected":false},"excerpt":{"rendered":"<p>COOKIES ADVICE AND OTHER TRACKING TECHNOLOGIES MicroHibro informa acerca del uso de las cookies en su p\u00e1gina web: https:\/\/microhibro.com. Este aviso de cookies se aplica al sitio web, a cualquier&#8230;<\/p>\n","protected":false},"author":2,"featured_media":0,"parent":0,"menu_order":0,"comment_status":"closed","ping_status":"closed","template":"","meta":{"inline_featured_image":false,"footnotes":""},"class_list":["post-2420","page","type-page","status-publish"],"yoast_head":"<!-- This site is optimized with the Yoast SEO plugin v24.4 - https:\/\/yoast.com\/wordpress\/plugins\/seo\/ -->\n<title>Cookies Advice - MicroHibro<\/title>\n<meta name=\"robots\" content=\"index, follow, max-snippet:-1, max-image-preview:large, max-video-preview:-1\" \/>\n<link rel=\"canonical\" href=\"https:\/\/microhibro.com\/en\/cookies-advice\/\" \/>\n<meta property=\"og:locale\" content=\"en_US\" \/>\n<meta property=\"og:type\" content=\"article\" \/>\n<meta property=\"og:title\" content=\"Cookies Advice - MicroHibro\" \/>\n<meta property=\"og:description\" content=\"COOKIES ADVICE AND OTHER TRACKING TECHNOLOGIES MicroHibro informa acerca del uso de las cookies en su p\u00e1gina web: https:\/\/microhibro.com. Este aviso de cookies se aplica al sitio web, a cualquier...\" \/>\n<meta property=\"og:url\" content=\"https:\/\/microhibro.com\/en\/cookies-advice\/\" \/>\n<meta property=\"og:site_name\" content=\"MicroHibro\" \/>\n<meta property=\"article:publisher\" content=\"https:\/\/www.facebook.com\/people\/MicroHibro\/100064299301952\/\" \/>\n<meta property=\"article:modified_time\" content=\"2022-07-07T10:26:28+00:00\" \/>\n<meta name=\"twitter:card\" content=\"summary_large_image\" \/>\n<meta name=\"twitter:site\" content=\"@microhibro\" \/>\n<meta name=\"twitter:label1\" content=\"Est. reading time\" \/>\n\t<meta name=\"twitter:data1\" content=\"12 minutes\" \/>\n<script type=\"application\/ld+json\" class=\"yoast-schema-graph\">{\"@context\":\"https:\/\/schema.org\",\"@graph\":[{\"@type\":\"WebPage\",\"@id\":\"https:\/\/microhibro.com\/en\/cookies-advice\/\",\"url\":\"https:\/\/microhibro.com\/en\/cookies-advice\/\",\"name\":\"Cookies Advice - MicroHibro\",\"isPartOf\":{\"@id\":\"https:\/\/microhibro.com\/#website\"},\"datePublished\":\"2022-07-05T08:09:32+00:00\",\"dateModified\":\"2022-07-07T10:26:28+00:00\",\"breadcrumb\":{\"@id\":\"https:\/\/microhibro.com\/en\/cookies-advice\/#breadcrumb\"},\"inLanguage\":\"en-US\",\"potentialAction\":[{\"@type\":\"ReadAction\",\"target\":[\"https:\/\/microhibro.com\/en\/cookies-advice\/\"]}]},{\"@type\":\"BreadcrumbList\",\"@id\":\"https:\/\/microhibro.com\/en\/cookies-advice\/#breadcrumb\",\"itemListElement\":[{\"@type\":\"ListItem\",\"position\":1,\"name\":\"Portada\",\"item\":\"https:\/\/microhibro.com\/en\/\"},{\"@type\":\"ListItem\",\"position\":2,\"name\":\"Cookies Advice\"}]},{\"@type\":\"WebSite\",\"@id\":\"https:\/\/microhibro.com\/#website\",\"url\":\"https:\/\/microhibro.com\/\",\"name\":\"MicroHibro\",\"description\":\"MicroHibro, software predictivo para la evaluaci\u00f3n de riesgos microbianos.\",\"publisher\":{\"@id\":\"https:\/\/microhibro.com\/#organization\"},\"potentialAction\":[{\"@type\":\"SearchAction\",\"target\":{\"@type\":\"EntryPoint\",\"urlTemplate\":\"https:\/\/microhibro.com\/?s={search_term_string}\"},\"query-input\":{\"@type\":\"PropertyValueSpecification\",\"valueRequired\":true,\"valueName\":\"search_term_string\"}}],\"inLanguage\":\"en-US\"},{\"@type\":\"Organization\",\"@id\":\"https:\/\/microhibro.com\/#organization\",\"name\":\"MicroHibro\",\"url\":\"https:\/\/microhibro.com\/\",\"logo\":{\"@type\":\"ImageObject\",\"inLanguage\":\"en-US\",\"@id\":\"https:\/\/microhibro.com\/#\/schema\/logo\/image\/\",\"url\":\"https:\/\/microhibro.com\/wp-content\/uploads\/2022\/07\/logo.svg\",\"contentUrl\":\"https:\/\/microhibro.com\/wp-content\/uploads\/2022\/07\/logo.svg\",\"width\":\"1024\",\"height\":\"1024\",\"caption\":\"MicroHibro\"},\"image\":{\"@id\":\"https:\/\/microhibro.com\/#\/schema\/logo\/image\/\"},\"sameAs\":[\"https:\/\/www.facebook.com\/people\/MicroHibro\/100064299301952\/\",\"https:\/\/x.com\/microhibro\",\"https:\/\/www.instagram.com\/microhibro\/\"]}]}<\/script>\n<!-- \/ Yoast SEO plugin. -->","yoast_head_json":{"title":"Cookies Advice - MicroHibro","robots":{"index":"index","follow":"follow","max-snippet":"max-snippet:-1","max-image-preview":"max-image-preview:large","max-video-preview":"max-video-preview:-1"},"canonical":"https:\/\/microhibro.com\/en\/cookies-advice\/","og_locale":"en_US","og_type":"article","og_title":"Cookies Advice - MicroHibro","og_description":"COOKIES ADVICE AND OTHER TRACKING TECHNOLOGIES MicroHibro informa acerca del uso de las cookies en su p\u00e1gina web: https:\/\/microhibro.com. Este aviso de cookies se aplica al sitio web, a cualquier...","og_url":"https:\/\/microhibro.com\/en\/cookies-advice\/","og_site_name":"MicroHibro","article_publisher":"https:\/\/www.facebook.com\/people\/MicroHibro\/100064299301952\/","article_modified_time":"2022-07-07T10:26:28+00:00","twitter_card":"summary_large_image","twitter_site":"@microhibro","twitter_misc":{"Est. reading time":"12 minutes"},"schema":{"@context":"https:\/\/schema.org","@graph":[{"@type":"WebPage","@id":"https:\/\/microhibro.com\/en\/cookies-advice\/","url":"https:\/\/microhibro.com\/en\/cookies-advice\/","name":"Cookies Advice - MicroHibro","isPartOf":{"@id":"https:\/\/microhibro.com\/#website"},"datePublished":"2022-07-05T08:09:32+00:00","dateModified":"2022-07-07T10:26:28+00:00","breadcrumb":{"@id":"https:\/\/microhibro.com\/en\/cookies-advice\/#breadcrumb"},"inLanguage":"en-US","potentialAction":[{"@type":"ReadAction","target":["https:\/\/microhibro.com\/en\/cookies-advice\/"]}]},{"@type":"BreadcrumbList","@id":"https:\/\/microhibro.com\/en\/cookies-advice\/#breadcrumb","itemListElement":[{"@type":"ListItem","position":1,"name":"Portada","item":"https:\/\/microhibro.com\/en\/"},{"@type":"ListItem","position":2,"name":"Cookies Advice"}]},{"@type":"WebSite","@id":"https:\/\/microhibro.com\/#website","url":"https:\/\/microhibro.com\/","name":"MicroHibro","description":"MicroHibro, software predictivo para la evaluaci\u00f3n de riesgos microbianos.","publisher":{"@id":"https:\/\/microhibro.com\/#organization"},"potentialAction":[{"@type":"SearchAction","target":{"@type":"EntryPoint","urlTemplate":"https:\/\/microhibro.com\/?s={search_term_string}"},"query-input":{"@type":"PropertyValueSpecification","valueRequired":true,"valueName":"search_term_string"}}],"inLanguage":"en-US"},{"@type":"Organization","@id":"https:\/\/microhibro.com\/#organization","name":"MicroHibro","url":"https:\/\/microhibro.com\/","logo":{"@type":"ImageObject","inLanguage":"en-US","@id":"https:\/\/microhibro.com\/#\/schema\/logo\/image\/","url":"https:\/\/microhibro.com\/wp-content\/uploads\/2022\/07\/logo.svg","contentUrl":"https:\/\/microhibro.com\/wp-content\/uploads\/2022\/07\/logo.svg","width":"1024","height":"1024","caption":"MicroHibro"},"image":{"@id":"https:\/\/microhibro.com\/#\/schema\/logo\/image\/"},"sameAs":["https:\/\/www.facebook.com\/people\/MicroHibro\/100064299301952\/","https:\/\/x.com\/microhibro","https:\/\/www.instagram.com\/microhibro\/"]}]}},"_links":{"self":[{"href":"https:\/\/microhibro.com\/en\/wp-json\/wp\/v2\/pages\/2420","targetHints":{"allow":["GET"]}}],"collection":[{"href":"https:\/\/microhibro.com\/en\/wp-json\/wp\/v2\/pages"}],"about":[{"href":"https:\/\/microhibro.com\/en\/wp-json\/wp\/v2\/types\/page"}],"author":[{"embeddable":true,"href":"https:\/\/microhibro.com\/en\/wp-json\/wp\/v2\/users\/2"}],"replies":[{"embeddable":true,"href":"https:\/\/microhibro.com\/en\/wp-json\/wp\/v2\/comments?post=2420"}],"version-history":[{"count":3,"href":"https:\/\/microhibro.com\/en\/wp-json\/wp\/v2\/pages\/2420\/revisions"}],"predecessor-version":[{"id":2423,"href":"https:\/\/microhibro.com\/en\/wp-json\/wp\/v2\/pages\/2420\/revisions\/2423"}],"wp:attachment":[{"href":"https:\/\/microhibro.com\/en\/wp-json\/wp\/v2\/media?parent=2420"}],"curies":[{"name":"wp","href":"https:\/\/api.w.org\/{rel}","templated":true}]}}